{"id":868,"date":"2022-11-10T16:12:33","date_gmt":"2022-11-10T16:12:33","guid":{"rendered":"https:\/\/manwemimarlik.com\/?page_id=868"},"modified":"2023-04-17T16:22:43","modified_gmt":"2023-04-17T16:22:43","slug":"hakkimizda-2","status":"publish","type":"page","link":"https:\/\/manwemimarlik.com\/en\/hakkimizda-2\/","title":{"rendered":"About Us"},"content":{"rendered":"<div data-elementor-type=\"wp-page\" data-elementor-id=\"868\" class=\"elementor elementor-868\">\n\t\t\t\t\t\t\t\t\t<section class=\"elementor-section elementor-top-section elementor-element elementor-element-672a3d07 elementor-section-boxed elementor-section-height-default elementor-section-height-default\" data-id=\"672a3d07\" data-element_type=\"section\" data-settings=\"{&quot;background_background&quot;:&quot;classic&quot;}\">\n\t\t\t\t\t\t\t<div class=\"elementor-background-overlay\"><\/div>\n\t\t\t\t\t\t\t<div class=\"elementor-container elementor-column-gap-default\">\n\t\t\t\t\t<div class=\"elementor-column elementor-col-100 elementor-top-column elementor-element elementor-element-3f1449\" data-id=\"3f1449\" data-element_type=\"column\">\n\t\t\t<div class=\"elementor-widget-wrap elementor-element-populated\">\n\t\t\t\t\t\t\t\t<div class=\"elementor-element elementor-element-78ee511c elementor-widget elementor-widget-heading\" data-id=\"78ee511c\" data-element_type=\"widget\" data-widget_type=\"heading.default\">\n\t\t\t\t<div class=\"elementor-widget-container\">\n\t\t\t<style>\/*! elementor - v3.17.0 - 08-11-2023 *\/\n.elementor-heading-title{padding:0;margin:0;line-height:1}.elementor-widget-heading .elementor-heading-title[class*=elementor-size-]>a{color:inherit;font-size:inherit;line-height:inherit}.elementor-widget-heading .elementor-heading-title.elementor-size-small{font-size:15px}.elementor-widget-heading .elementor-heading-title.elementor-size-medium{font-size:19px}.elementor-widget-heading .elementor-heading-title.elementor-size-large{font-size:29px}.elementor-widget-heading .elementor-heading-title.elementor-size-xl{font-size:39px}.elementor-widget-heading .elementor-heading-title.elementor-size-xxl{font-size:59px}<\/style><h1 class=\"elementor-heading-title elementor-size-default\">About Us<\/h1>\t\t<\/div>\n\t\t\t\t<\/div>\n\t\t\t\t\t<\/div>\n\t\t<\/div>\n\t\t\t\t\t\t\t<\/div>\n\t\t<\/section>\n\t\t\t\t<section class=\"elementor-section elementor-top-section elementor-element elementor-element-7aee3275 elementor-section-content-middle elementor-section-boxed elementor-section-height-default elementor-section-height-default\" data-id=\"7aee3275\" data-element_type=\"section\">\n\t\t\t\t\t\t<div class=\"elementor-container elementor-column-gap-no\">\n\t\t\t\t\t<div class=\"elementor-column elementor-col-100 elementor-top-column elementor-element elementor-element-2f2563b8\" data-id=\"2f2563b8\" data-element_type=\"column\">\n\t\t\t<div class=\"elementor-widget-wrap elementor-element-populated\">\n\t\t\t\t\t\t\t\t<div class=\"elementor-element elementor-element-43e7f5b1 elementor-widget elementor-widget-heading\" data-id=\"43e7f5b1\" data-element_type=\"widget\" data-widget_type=\"heading.default\">\n\t\t\t\t<div class=\"elementor-widget-container\">\n\t\t\t<h2 class=\"elementor-heading-title elementor-size-default\">Who are we?<\/h2>\t\t<\/div>\n\t\t\t\t<\/div>\n\t\t\t\t<div class=\"elementor-element elementor-element-68cb93a5 elementor-widget-divider--view-line elementor-widget elementor-widget-divider\" data-id=\"68cb93a5\" data-element_type=\"widget\" data-widget_type=\"divider.default\">\n\t\t\t\t<div class=\"elementor-widget-container\">\n\t\t\t<style>\/*! elementor - v3.17.0 - 08-11-2023 *\/\n.elementor-widget-divider{--divider-border-style:none;--divider-border-width:1px;--divider-color:#0c0d0e;--divider-icon-size:20px;--divider-element-spacing:10px;--divider-pattern-height:24px;--divider-pattern-size:20px;--divider-pattern-url:none;--divider-pattern-repeat:repeat-x}.elementor-widget-divider .elementor-divider{display:flex}.elementor-widget-divider .elementor-divider__text{font-size:15px;line-height:1;max-width:95%}.elementor-widget-divider .elementor-divider__element{margin:0 var(--divider-element-spacing);flex-shrink:0}.elementor-widget-divider .elementor-icon{font-size:var(--divider-icon-size)}.elementor-widget-divider .elementor-divider-separator{display:flex;margin:0;direction:ltr}.elementor-widget-divider--view-line_icon .elementor-divider-separator,.elementor-widget-divider--view-line_text .elementor-divider-separator{align-items:center}.elementor-widget-divider--view-line_icon .elementor-divider-separator:after,.elementor-widget-divider--view-line_icon .elementor-divider-separator:before,.elementor-widget-divider--view-line_text .elementor-divider-separator:after,.elementor-widget-divider--view-line_text .elementor-divider-separator:before{display:block;content:\"\";border-bottom:0;flex-grow:1;border-top:var(--divider-border-width) var(--divider-border-style) var(--divider-color)}.elementor-widget-divider--element-align-left .elementor-divider .elementor-divider-separator>.elementor-divider__svg:first-of-type{flex-grow:0;flex-shrink:100}.elementor-widget-divider--element-align-left .elementor-divider-separator:before{content:none}.elementor-widget-divider--element-align-left .elementor-divider__element{margin-left:0}.elementor-widget-divider--element-align-right .elementor-divider .elementor-divider-separator>.elementor-divider__svg:last-of-type{flex-grow:0;flex-shrink:100}.elementor-widget-divider--element-align-right .elementor-divider-separator:after{content:none}.elementor-widget-divider--element-align-right .elementor-divider__element{margin-right:0}.elementor-widget-divider:not(.elementor-widget-divider--view-line_text):not(.elementor-widget-divider--view-line_icon) .elementor-divider-separator{border-top:var(--divider-border-width) var(--divider-border-style) var(--divider-color)}.elementor-widget-divider--separator-type-pattern{--divider-border-style:none}.elementor-widget-divider--separator-type-pattern.elementor-widget-divider--view-line .elementor-divider-separator,.elementor-widget-divider--separator-type-pattern:not(.elementor-widget-divider--view-line) .elementor-divider-separator:after,.elementor-widget-divider--separator-type-pattern:not(.elementor-widget-divider--view-line) .elementor-divider-separator:before,.elementor-widget-divider--separator-type-pattern:not([class*=elementor-widget-divider--view]) .elementor-divider-separator{width:100%;min-height:var(--divider-pattern-height);-webkit-mask-size:var(--divider-pattern-size) 100%;mask-size:var(--divider-pattern-size) 100%;-webkit-mask-repeat:var(--divider-pattern-repeat);mask-repeat:var(--divider-pattern-repeat);background-color:var(--divider-color);-webkit-mask-image:var(--divider-pattern-url);mask-image:var(--divider-pattern-url)}.elementor-widget-divider--no-spacing{--divider-pattern-size:auto}.elementor-widget-divider--bg-round{--divider-pattern-repeat:round}.rtl .elementor-widget-divider .elementor-divider__text{direction:rtl}.e-con-inner>.elementor-widget-divider,.e-con>.elementor-widget-divider{width:var(--container-widget-width,100%);--flex-grow:var(--container-widget-flex-grow)}<\/style>\t\t<div class=\"elementor-divider\">\n\t\t\t<span class=\"elementor-divider-separator\">\n\t\t\t\t\t\t<\/span>\n\t\t<\/div>\n\t\t\t\t<\/div>\n\t\t\t\t<\/div>\n\t\t\t\t<div class=\"elementor-element elementor-element-e071360 elementor-widget elementor-widget-text-editor\" data-id=\"e071360\" data-element_type=\"widget\" data-widget_type=\"text-editor.default\">\n\t\t\t\t<div class=\"elementor-widget-container\">\n\t\t\t<style>\/*! elementor - v3.17.0 - 08-11-2023 *\/\n.elementor-widget-text-editor.elementor-drop-cap-view-stacked .elementor-drop-cap{background-color:#69727d;color:#fff}.elementor-widget-text-editor.elementor-drop-cap-view-framed .elementor-drop-cap{color:#69727d;border:3px solid;background-color:transparent}.elementor-widget-text-editor:not(.elementor-drop-cap-view-default) .elementor-drop-cap{margin-top:8px}.elementor-widget-text-editor:not(.elementor-drop-cap-view-default) .elementor-drop-cap-letter{width:1em;height:1em}.elementor-widget-text-editor .elementor-drop-cap{float:left;text-align:center;line-height:1;font-size:50px}.elementor-widget-text-editor .elementor-drop-cap-letter{display:inline-block}<\/style>\t\t\t\t<p>Manwe Art Collective has been operating under the management of \u00d6zg\u00fcr Cengiz since 2021. Our company was established in Izmir and continues its activities in various fields both in Turkey and Europe. Modern art and design are our focus in all areas where we work and serve. Our company associates individuals and society with art and aesthetics and offers individual and social contributions in a self-sacrificing manner.<span class=\"Apple-converted-space\">\u00a0<\/span><\/p><p class=\" translation-block\">Operating under the Manwe Art Collective, \"Manwe Design and Architecture\" implements space design and setup in all areas with its competent, young, and dynamic staff. It has a wide range of services and stands out with its experience in relievo and restoration along with space design, interior design, exterior design, renovation, and decoration.<\/p>\t\t\t\t\t\t<\/div>\n\t\t\t\t<\/div>\n\t\t\t\t<div class=\"elementor-element elementor-element-47fd07c9 elementor-widget elementor-widget-button\" data-id=\"47fd07c9\" data-element_type=\"widget\" data-widget_type=\"button.default\">\n\t\t\t\t<div class=\"elementor-widget-container\">\n\t\t\t\t\t<div class=\"elementor-button-wrapper\">\n\t\t\t<a class=\"elementor-button elementor-button-link elementor-size-sm elementor-animation-grow\" href=\"https:\/\/manwemimarlik.com\/en\/iletisim-2\/\">\n\t\t\t\t\t\t<span class=\"elementor-button-content-wrapper\">\n\t\t\t\t\t\t<span class=\"elementor-button-icon elementor-align-icon-right\">\n\t\t\t\t<i aria-hidden=\"true\" class=\"fas fa-chevron-right\"><\/i>\t\t\t<\/span>\n\t\t\t\t\t\t<span class=\"elementor-button-text\">Contact Us<\/span>\n\t\t<\/span>\n\t\t\t\t\t<\/a>\n\t\t<\/div>\n\t\t\t\t<\/div>\n\t\t\t\t<\/div>\n\t\t\t\t\t<\/div>\n\t\t<\/div>\n\t\t\t\t\t\t\t<\/div>\n\t\t<\/section>\n\t\t\t\t<section class=\"elementor-section elementor-top-section elementor-element elementor-element-2b42bdb8 elementor-section-boxed elementor-section-height-default elementor-section-height-default\" data-id=\"2b42bdb8\" data-element_type=\"section\" data-settings=\"{&quot;background_background&quot;:&quot;gradient&quot;}\">\n\t\t\t\t\t\t<div class=\"elementor-container elementor-column-gap-no\">\n\t\t\t\t\t<div class=\"elementor-column elementor-col-100 elementor-top-column elementor-element elementor-element-7d70199a\" data-id=\"7d70199a\" data-element_type=\"column\">\n\t\t\t<div class=\"elementor-widget-wrap elementor-element-populated\">\n\t\t\t\t\t\t\t\t<section class=\"elementor-section elementor-inner-section elementor-element elementor-element-46225ea elementor-section-boxed elementor-section-height-default elementor-section-height-default\" data-id=\"46225ea\" data-element_type=\"section\">\n\t\t\t\t\t\t<div class=\"elementor-container elementor-column-gap-no\">\n\t\t\t\t\t<div class=\"elementor-column elementor-col-50 elementor-inner-column elementor-element elementor-element-a9b0175\" data-id=\"a9b0175\" data-element_type=\"column\">\n\t\t\t<div class=\"elementor-widget-wrap elementor-element-populated\">\n\t\t\t\t\t\t\t\t<div class=\"elementor-element elementor-element-5c39eacb elementor-vertical-align-top elementor-widget elementor-widget-image-box\" data-id=\"5c39eacb\" data-element_type=\"widget\" data-widget_type=\"image-box.default\">\n\t\t\t\t<div class=\"elementor-widget-container\">\n\t\t\t<style>\/*! elementor - v3.17.0 - 08-11-2023 *\/\n.elementor-widget-image-box .elementor-image-box-content{width:100%}@media (min-width:768px){.elementor-widget-image-box.elementor-position-left .elementor-image-box-wrapper,.elementor-widget-image-box.elementor-position-right .elementor-image-box-wrapper{display:flex}.elementor-widget-image-box.elementor-position-right .elementor-image-box-wrapper{text-align:right;flex-direction:row-reverse}.elementor-widget-image-box.elementor-position-left .elementor-image-box-wrapper{text-align:left;flex-direction:row}.elementor-widget-image-box.elementor-position-top .elementor-image-box-img{margin:auto}.elementor-widget-image-box.elementor-vertical-align-top .elementor-image-box-wrapper{align-items:flex-start}.elementor-widget-image-box.elementor-vertical-align-middle .elementor-image-box-wrapper{align-items:center}.elementor-widget-image-box.elementor-vertical-align-bottom .elementor-image-box-wrapper{align-items:flex-end}}@media (max-width:767px){.elementor-widget-image-box .elementor-image-box-img{margin-left:auto!important;margin-right:auto!important;margin-bottom:15px}}.elementor-widget-image-box .elementor-image-box-img{display:inline-block}.elementor-widget-image-box .elementor-image-box-title a{color:inherit}.elementor-widget-image-box .elementor-image-box-wrapper{text-align:center}.elementor-widget-image-box .elementor-image-box-description{margin:0}<\/style><div class=\"elementor-image-box-wrapper\"><div class=\"elementor-image-box-content\"><h4 class=\"elementor-image-box-title\">Our Vision<\/h4><p class=\"elementor-image-box-description\">While ensuring continuity as the first choice of the consumer with the quality of service and dialogue, our goal is to leave a more conscious society and a more livable world to future generations by protecting education, safety, nature, and historical values.<\/p><\/div><\/div>\t\t<\/div>\n\t\t\t\t<\/div>\n\t\t\t\t\t<\/div>\n\t\t<\/div>\n\t\t\t\t<div class=\"elementor-column elementor-col-50 elementor-inner-column elementor-element elementor-element-606e56be\" data-id=\"606e56be\" data-element_type=\"column\">\n\t\t\t<div class=\"elementor-widget-wrap elementor-element-populated\">\n\t\t\t\t\t\t\t\t<div class=\"elementor-element elementor-element-6f5282d3 elementor-vertical-align-top elementor-widget elementor-widget-image-box\" data-id=\"6f5282d3\" data-element_type=\"widget\" data-widget_type=\"image-box.default\">\n\t\t\t\t<div class=\"elementor-widget-container\">\n\t\t\t<div class=\"elementor-image-box-wrapper\"><div class=\"elementor-image-box-content\"><h4 class=\"elementor-image-box-title\">Our Mission<\/h4><p class=\"elementor-image-box-description\">In all sectors in which we operate, to be able to respond to expectations and needs at the highest level by focusing on honest and transparent trade that is respectful to the individual and society with its competent staff in different disciplines.<\/p><\/div><\/div>\t\t<\/div>\n\t\t\t\t<\/div>\n\t\t\t\t\t<\/div>\n\t\t<\/div>\n\t\t\t\t\t\t\t<\/div>\n\t\t<\/section>\n\t\t\t\t\t<\/div>\n\t\t<\/div>\n\t\t\t\t\t\t\t<\/div>\n\t\t<\/section>\n\t\t\t\t<section class=\"elementor-section elementor-top-section elementor-element elementor-element-abcce47 elementor-section-boxed elementor-section-height-default elementor-section-height-default\" data-id=\"abcce47\" data-element_type=\"section\" data-settings=\"{&quot;background_background&quot;:&quot;classic&quot;}\">\n\t\t\t\t\t\t<div class=\"elementor-container elementor-column-gap-no\">\n\t\t\t\t\t<div class=\"elementor-column elementor-col-100 elementor-top-column elementor-element elementor-element-d10da2c\" data-id=\"d10da2c\" data-element_type=\"column\">\n\t\t\t<div class=\"elementor-widget-wrap elementor-element-populated\">\n\t\t\t\t\t\t\t\t<div class=\"elementor-element elementor-element-419d7bc5 elementor-widget elementor-widget-heading\" data-id=\"419d7bc5\" data-element_type=\"widget\" data-widget_type=\"heading.default\">\n\t\t\t\t<div class=\"elementor-widget-container\">\n\t\t\t<h3 class=\"elementor-heading-title elementor-size-default\">Our Team<\/h3>\t\t<\/div>\n\t\t\t\t<\/div>\n\t\t\t\t<div class=\"elementor-element elementor-element-338398d elementor-widget-divider--view-line elementor-widget elementor-widget-divider\" data-id=\"338398d\" data-element_type=\"widget\" data-widget_type=\"divider.default\">\n\t\t\t\t<div class=\"elementor-widget-container\">\n\t\t\t\t\t<div class=\"elementor-divider\">\n\t\t\t<span class=\"elementor-divider-separator\">\n\t\t\t\t\t\t<\/span>\n\t\t<\/div>\n\t\t\t\t<\/div>\n\t\t\t\t<\/div>\n\t\t\t\t\t<\/div>\n\t\t<\/div>\n\t\t\t\t\t\t\t<\/div>\n\t\t<\/section>\n\t\t\t\t<section class=\"elementor-section elementor-top-section elementor-element elementor-element-7c56452 elementor-section-boxed elementor-section-height-default elementor-section-height-default\" data-id=\"7c56452\" data-element_type=\"section\" data-settings=\"{&quot;background_background&quot;:&quot;classic&quot;}\">\n\t\t\t\t\t\t<div class=\"elementor-container elementor-column-gap-no\">\n\t\t\t\t\t<div class=\"elementor-column elementor-col-50 elementor-top-column elementor-element elementor-element-1f27270\" data-id=\"1f27270\" data-element_type=\"column\">\n\t\t\t<div class=\"elementor-widget-wrap elementor-element-populated\">\n\t\t\t\t\t\t\t\t<div class=\"elementor-element elementor-element-f73cee4 elementor-position-top elementor-widget elementor-widget-image-box\" data-id=\"f73cee4\" data-element_type=\"widget\" data-widget_type=\"image-box.default\">\n\t\t\t\t<div class=\"elementor-widget-container\">\n\t\t\t<div class=\"elementor-image-box-wrapper\"><figure class=\"elementor-image-box-img\"><img loading=\"lazy\" decoding=\"async\" width=\"630\" height=\"860\" src=\"https:\/\/manwemimarlik.com\/wp-content\/uploads\/2023\/03\/Ozgur_Cengiz.webp\" class=\"attachment-full size-full wp-image-2281\" alt=\"\" srcset=\"https:\/\/manwemimarlik.com\/wp-content\/uploads\/2023\/03\/Ozgur_Cengiz.webp 630w, https:\/\/manwemimarlik.com\/wp-content\/uploads\/2023\/03\/Ozgur_Cengiz-220x300.webp 220w, https:\/\/manwemimarlik.com\/wp-content\/uploads\/2023\/03\/Ozgur_Cengiz-9x12.webp 9w\" sizes=\"auto, (max-width: 630px) 100vw, 630px\" \/><\/figure><div class=\"elementor-image-box-content\"><h4 class=\"elementor-image-box-title\">\u00d6zg\u00fcr Cengiz<\/h4><p class=\"elementor-image-box-description\">Architect &amp; Executive<\/p><\/div><\/div>\t\t<\/div>\n\t\t\t\t<\/div>\n\t\t\t\t<div class=\"elementor-element elementor-element-96c2a14 elementor-position-top elementor-widget elementor-widget-image-box\" data-id=\"96c2a14\" data-element_type=\"widget\" data-widget_type=\"image-box.default\">\n\t\t\t\t<div class=\"elementor-widget-container\">\n\t\t\t<div class=\"elementor-image-box-wrapper\"><figure class=\"elementor-image-box-img\"><img loading=\"lazy\" decoding=\"async\" width=\"630\" height=\"860\" src=\"https:\/\/manwemimarlik.com\/wp-content\/uploads\/2023\/03\/Omer_Vehbi_Hakseven.webp\" class=\"attachment-full size-full wp-image-2280\" alt=\"\" srcset=\"https:\/\/manwemimarlik.com\/wp-content\/uploads\/2023\/03\/Omer_Vehbi_Hakseven.webp 630w, https:\/\/manwemimarlik.com\/wp-content\/uploads\/2023\/03\/Omer_Vehbi_Hakseven-220x300.webp 220w, https:\/\/manwemimarlik.com\/wp-content\/uploads\/2023\/03\/Omer_Vehbi_Hakseven-9x12.webp 9w\" sizes=\"auto, (max-width: 630px) 100vw, 630px\" \/><\/figure><div class=\"elementor-image-box-content\"><h4 class=\"elementor-image-box-title\">\u00d6mer Vehbi Hakseven<\/h4><p class=\"elementor-image-box-description\">Master Architect<\/p><\/div><\/div>\t\t<\/div>\n\t\t\t\t<\/div>\n\t\t\t\t\t<\/div>\n\t\t<\/div>\n\t\t\t\t<div class=\"elementor-column elementor-col-50 elementor-top-column elementor-element elementor-element-4eab16e\" data-id=\"4eab16e\" data-element_type=\"column\">\n\t\t\t<div class=\"elementor-widget-wrap elementor-element-populated\">\n\t\t\t\t\t\t\t\t<div class=\"elementor-element elementor-element-d999cd5 elementor-position-top elementor-widget elementor-widget-image-box\" data-id=\"d999cd5\" data-element_type=\"widget\" data-widget_type=\"image-box.default\">\n\t\t\t\t<div class=\"elementor-widget-container\">\n\t\t\t<div class=\"elementor-image-box-wrapper\"><figure class=\"elementor-image-box-img\"><img loading=\"lazy\" decoding=\"async\" width=\"630\" height=\"860\" src=\"https:\/\/manwemimarlik.com\/wp-content\/uploads\/2023\/03\/Pinar_Akillilar.webp\" class=\"attachment-full size-full wp-image-2282\" alt=\"\" srcset=\"https:\/\/manwemimarlik.com\/wp-content\/uploads\/2023\/03\/Pinar_Akillilar.webp 630w, https:\/\/manwemimarlik.com\/wp-content\/uploads\/2023\/03\/Pinar_Akillilar-220x300.webp 220w, https:\/\/manwemimarlik.com\/wp-content\/uploads\/2023\/03\/Pinar_Akillilar-9x12.webp 9w\" sizes=\"auto, (max-width: 630px) 100vw, 630px\" \/><\/figure><div class=\"elementor-image-box-content\"><h4 class=\"elementor-image-box-title\">P\u0131nar Ak\u0131ll\u0131lar<\/h4><p class=\"elementor-image-box-description\">Architect<\/p><\/div><\/div>\t\t<\/div>\n\t\t\t\t<\/div>\n\t\t\t\t\t<\/div>\n\t\t<\/div>\n\t\t\t\t\t\t\t<\/div>\n\t\t<\/section>\n\t\t\t\t\t\t\t<\/div>","protected":false},"excerpt":{"rendered":"<p>Hakk\u0131m\u0131zda\u200b Biz Kimiz? Manwe Sanat Kollektifi \u00d6zg\u00fcr Cengiz y\u00f6netiminde 2021 y\u0131l\u0131ndan beri faaliyet g\u00f6stermektedir. \u0130zmir merkezli kurulmu\u015f olup \u00e7al\u0131\u015fmalar\u0131n\u0131 hem T\u00fcrkiye \u00e7ap\u0131nda, hem de Avrupa\u2019da \u00e7e\u015fitli alanlarda s\u00fcrd\u00fcrmektedir. \u00c7al\u0131\u015fma yapt\u0131\u011f\u0131 ve hizmet verdi\u011fi t\u00fcm alanlarda, \u00e7a\u011fda\u015f sanat ve tasar\u0131m\u0131 oda\u011f\u0131na al\u0131r. Kalite ve m\u00fc\u015fteri memnuniyetini \u00f6n planda tutarak, gerek bireyleri gerek ise toplumu sanatla ve &hellip;<\/p>\n<p class=\"read-more\"> <a class=\"\" href=\"https:\/\/manwemimarlik.com\/en\/hakkimizda-2\/\"> <span class=\"screen-reader-text\">About Us<\/span> Read More &raquo;<\/a><\/p>","protected":false},"author":1,"featured_media":0,"parent":0,"menu_order":0,"comment_status":"closed","ping_status":"closed","template":"","meta":{"_monsterinsights_skip_tracking":false,"_monsterinsights_sitenote_active":false,"_monsterinsights_sitenote_note":"","_monsterinsights_sitenote_category":0,"site-sidebar-layout":"no-sidebar","site-content-layout":"page-builder","ast-global-header-display":"","ast-main-header-display":"","ast-hfb-above-header-display":"","ast-hfb-below-header-display":"","ast-hfb-mobile-header-display":"","site-post-title":"disabled","ast-breadcrumbs-content":"","ast-featured-img":"disabled","footer-sml-layout":"","theme-transparent-header-meta":"","adv-header-id-meta":"","stick-header-meta":"","header-above-stick-meta":"","header-main-stick-meta":"","header-below-stick-meta":"","footnotes":""},"class_list":["post-868","page","type-page","status-publish","hentry"],"aioseo_notices":[],"uagb_featured_image_src":{"full":false,"thumbnail":false,"medium":false,"medium_large":false,"large":false,"1536x1536":false,"2048x2048":false,"trp-custom-language-flag":false},"uagb_author_info":{"display_name":"manweart","author_link":"https:\/\/manwemimarlik.com\/en\/author\/manweart\/"},"uagb_comment_info":0,"uagb_excerpt":"Hakk\u0131m\u0131zda\u200b Biz Kimiz? Manwe Sanat Kollektifi \u00d6zg\u00fcr Cengiz y\u00f6netiminde 2021 y\u0131l\u0131ndan beri faaliyet g\u00f6stermektedir. \u0130zmir merkezli kurulmu\u015f olup \u00e7al\u0131\u015fmalar\u0131n\u0131 hem T\u00fcrkiye \u00e7ap\u0131nda, hem de Avrupa\u2019da \u00e7e\u015fitli alanlarda s\u00fcrd\u00fcrmektedir. \u00c7al\u0131\u015fma yapt\u0131\u011f\u0131 ve hizmet verdi\u011fi t\u00fcm alanlarda, \u00e7a\u011fda\u015f sanat ve tasar\u0131m\u0131 oda\u011f\u0131na al\u0131r. Kalite ve m\u00fc\u015fteri memnuniyetini \u00f6n planda tutarak, gerek bireyleri gerek ise toplumu sanatla ve&hellip;","_links":{"self":[{"href":"https:\/\/manwemimarlik.com\/en\/wp-json\/wp\/v2\/pages\/868","targetHints":{"allow":["GET"]}}],"collection":[{"href":"https:\/\/manwemimarlik.com\/en\/wp-json\/wp\/v2\/pages"}],"about":[{"href":"https:\/\/manwemimarlik.com\/en\/wp-json\/wp\/v2\/types\/page"}],"author":[{"embeddable":true,"href":"https:\/\/manwemimarlik.com\/en\/wp-json\/wp\/v2\/users\/1"}],"replies":[{"embeddable":true,"href":"https:\/\/manwemimarlik.com\/en\/wp-json\/wp\/v2\/comments?post=868"}],"version-history":[{"count":109,"href":"https:\/\/manwemimarlik.com\/en\/wp-json\/wp\/v2\/pages\/868\/revisions"}],"predecessor-version":[{"id":2302,"href":"https:\/\/manwemimarlik.com\/en\/wp-json\/wp\/v2\/pages\/868\/revisions\/2302"}],"wp:attachment":[{"href":"https:\/\/manwemimarlik.com\/en\/wp-json\/wp\/v2\/media?parent=868"}],"curies":[{"name":"wp","href":"https:\/\/api.w.org\/{rel}","templated":true}]}}