{"id":1274,"date":"2022-12-06T19:06:52","date_gmt":"2022-12-06T19:06:52","guid":{"rendered":"https:\/\/manwemimarlik.com\/?page_id=1274"},"modified":"2023-02-21T18:12:48","modified_gmt":"2023-02-21T18:12:48","slug":"mimari-danismanlik","status":"publish","type":"page","link":"https:\/\/manwemimarlik.com\/en\/mimari-danismanlik\/","title":{"rendered":"Architectural Consulting"},"content":{"rendered":"<div data-elementor-type=\"wp-page\" data-elementor-id=\"1274\" class=\"elementor elementor-1274\">\n\t\t\t\t\t\t\t\t\t<section class=\"elementor-section elementor-top-section elementor-element elementor-element-83bd21f elementor-section-boxed elementor-section-height-default elementor-section-height-default\" data-id=\"83bd21f\" data-element_type=\"section\">\n\t\t\t\t\t\t<div class=\"elementor-container elementor-column-gap-default\">\n\t\t\t\t\t<div class=\"elementor-column elementor-col-100 elementor-top-column elementor-element elementor-element-538e61c\" data-id=\"538e61c\" data-element_type=\"column\">\n\t\t\t<div class=\"elementor-widget-wrap\">\n\t\t\t\t\t\t\t\t\t<\/div>\n\t\t<\/div>\n\t\t\t\t\t\t\t<\/div>\n\t\t<\/section>\n\t\t\t\t<section class=\"elementor-section elementor-top-section elementor-element elementor-element-5398a2ca elementor-section-boxed elementor-section-height-default elementor-section-height-default\" data-id=\"5398a2ca\" data-element_type=\"section\" data-settings=\"{&quot;background_background&quot;:&quot;classic&quot;}\">\n\t\t\t\t\t\t<div class=\"elementor-container elementor-column-gap-default\">\n\t\t\t\t\t<div class=\"elementor-column elementor-col-50 elementor-top-column elementor-element elementor-element-64f3cfe8\" data-id=\"64f3cfe8\" data-element_type=\"column\">\n\t\t\t<div class=\"elementor-widget-wrap elementor-element-populated\">\n\t\t\t\t\t\t\t\t<div class=\"elementor-element elementor-element-53faa897 elementor-widget elementor-widget-heading\" data-id=\"53faa897\" data-element_type=\"widget\" data-widget_type=\"heading.default\">\n\t\t\t\t<div class=\"elementor-widget-container\">\n\t\t\t<style>\/*! elementor - v3.17.0 - 08-11-2023 *\/\n.elementor-heading-title{padding:0;margin:0;line-height:1}.elementor-widget-heading .elementor-heading-title[class*=elementor-size-]>a{color:inherit;font-size:inherit;line-height:inherit}.elementor-widget-heading .elementor-heading-title.elementor-size-small{font-size:15px}.elementor-widget-heading .elementor-heading-title.elementor-size-medium{font-size:19px}.elementor-widget-heading .elementor-heading-title.elementor-size-large{font-size:29px}.elementor-widget-heading .elementor-heading-title.elementor-size-xl{font-size:39px}.elementor-widget-heading .elementor-heading-title.elementor-size-xxl{font-size:59px}<\/style><h2 class=\"elementor-heading-title elementor-size-default\">Architectural Consulting<\/h2>\t\t<\/div>\n\t\t\t\t<\/div>\n\t\t\t\t<div class=\"elementor-element elementor-element-4c8ae409 elementor-widget elementor-widget-text-editor\" data-id=\"4c8ae409\" data-element_type=\"widget\" data-widget_type=\"text-editor.default\">\n\t\t\t\t<div class=\"elementor-widget-container\">\n\t\t\t<style>\/*! elementor - v3.17.0 - 08-11-2023 *\/\n.elementor-widget-text-editor.elementor-drop-cap-view-stacked .elementor-drop-cap{background-color:#69727d;color:#fff}.elementor-widget-text-editor.elementor-drop-cap-view-framed .elementor-drop-cap{color:#69727d;border:3px solid;background-color:transparent}.elementor-widget-text-editor:not(.elementor-drop-cap-view-default) .elementor-drop-cap{margin-top:8px}.elementor-widget-text-editor:not(.elementor-drop-cap-view-default) .elementor-drop-cap-letter{width:1em;height:1em}.elementor-widget-text-editor .elementor-drop-cap{float:left;text-align:center;line-height:1;font-size:50px}.elementor-widget-text-editor .elementor-drop-cap-letter{display:inline-block}<\/style>\t\t\t\t<p class=\" translation-block\">Architectural consultancy is a service that covers topics such as getting architectural views and new ideas about your construction works, getting support about the project phase and informing you about the subjects you want to learn.<\/p><p class=\" translation-block\">You can benefit from architectural consultancy services for the construction of the buildings you want with qualifications such as compliance with technical procedures, correct design, and architectural suitability.<\/p><p class=\" translation-block\">Applying to professional architectural consultancy services regarding the redesign of a building you want to start the construction of or the spaces in need of renovation provides an advantage in terms of pre-detection of possible problems that may occur in your construction works and taking precautions. Thus, it ensures that negative situations such as waste of time and money while doing your project can be avoided. You can contact us to get information about architectural consultancy prices, and service content and to benefit from our consultancy service.<\/p>\t\t\t\t\t\t<\/div>\n\t\t\t\t<\/div>\n\t\t\t\t<section class=\"elementor-section elementor-inner-section elementor-element elementor-element-5de4828b elementor-section-boxed elementor-section-height-default elementor-section-height-default\" data-id=\"5de4828b\" data-element_type=\"section\">\n\t\t\t\t\t\t<div class=\"elementor-container elementor-column-gap-no\">\n\t\t\t\t\t<div class=\"elementor-column elementor-col-100 elementor-inner-column elementor-element elementor-element-7af4171a\" data-id=\"7af4171a\" data-element_type=\"column\">\n\t\t\t<div class=\"elementor-widget-wrap elementor-element-populated\">\n\t\t\t\t\t\t\t\t<div class=\"elementor-element elementor-element-118bf7d3 elementor-icon-list--layout-traditional elementor-list-item-link-full_width elementor-widget elementor-widget-icon-list\" data-id=\"118bf7d3\" data-element_type=\"widget\" data-widget_type=\"icon-list.default\">\n\t\t\t\t<div class=\"elementor-widget-container\">\n\t\t\t<link rel=\"stylesheet\" href=\"https:\/\/manwemimarlik.com\/wp-content\/plugins\/elementor\/assets\/css\/widget-icon-list.min.css\">\t\t<ul class=\"elementor-icon-list-items\">\n\t\t\t\t\t\t\t<li class=\"elementor-icon-list-item\">\n\t\t\t\t\t\t\t\t\t\t\t<span class=\"elementor-icon-list-icon\">\n\t\t\t\t\t\t\t<i aria-hidden=\"true\" class=\"fas fa-check-circle\"><\/i>\t\t\t\t\t\t<\/span>\n\t\t\t\t\t\t\t\t\t\t<span class=\"elementor-icon-list-text\">Determining Architectural Concept <\/span>\n\t\t\t\t\t\t\t\t\t<\/li>\n\t\t\t\t\t\t\t\t<li class=\"elementor-icon-list-item\">\n\t\t\t\t\t\t\t\t\t\t\t<span class=\"elementor-icon-list-icon\">\n\t\t\t\t\t\t\t<i aria-hidden=\"true\" class=\"fas fa-check-circle\"><\/i>\t\t\t\t\t\t<\/span>\n\t\t\t\t\t\t\t\t\t\t<span class=\"elementor-icon-list-text\">Project Drawing<\/span>\n\t\t\t\t\t\t\t\t\t<\/li>\n\t\t\t\t\t\t<\/ul>\n\t\t\t\t<\/div>\n\t\t\t\t<\/div>\n\t\t\t\t\t<\/div>\n\t\t<\/div>\n\t\t\t\t\t\t\t<\/div>\n\t\t<\/section>\n\t\t\t\t\t<\/div>\n\t\t<\/div>\n\t\t\t\t<div class=\"elementor-column elementor-col-50 elementor-top-column elementor-element elementor-element-1be94177\" data-id=\"1be94177\" data-element_type=\"column\">\n\t\t\t<div class=\"elementor-widget-wrap elementor-element-populated\">\n\t\t\t\t\t\t\t\t<div class=\"elementor-element elementor-element-29ea3254 elementor-widget elementor-widget-image\" data-id=\"29ea3254\" data-element_type=\"widget\" data-widget_type=\"image.default\">\n\t\t\t\t<div class=\"elementor-widget-container\">\n\t\t\t<style>\/*! elementor - v3.17.0 - 08-11-2023 *\/\n.elementor-widget-image{text-align:center}.elementor-widget-image a{display:inline-block}.elementor-widget-image a img[src$=\".svg\"]{width:48px}.elementor-widget-image img{vertical-align:middle;display:inline-block}<\/style>\t\t\t\t\t\t\t\t\t\t\t\t<img decoding=\"async\" src=\"https:\/\/images.pexels.com\/photos\/7642088\/pexels-photo-7642088.jpeg?auto=compress&amp;cs=tinysrgb&amp;w=1260&amp;h=750&amp;dpr=2\" title=\"\" alt=\"\" loading=\"lazy\" \/>\t\t\t\t\t\t\t\t\t\t\t\t\t\t\t<\/div>\n\t\t\t\t<\/div>\n\t\t\t\t\t<\/div>\n\t\t<\/div>\n\t\t\t\t\t\t\t<\/div>\n\t\t<\/section>\n\t\t\t\t<section class=\"elementor-section elementor-top-section elementor-element elementor-element-5ef2f2ea elementor-section-boxed elementor-section-height-default elementor-section-height-default\" data-id=\"5ef2f2ea\" data-element_type=\"section\" data-settings=\"{&quot;background_background&quot;:&quot;gradient&quot;,&quot;shape_divider_top&quot;:&quot;pyramids&quot;}\">\n\t\t\t\t\t\t\t<div class=\"elementor-background-overlay\"><\/div>\n\t\t\t\t\t\t<div class=\"elementor-shape elementor-shape-top\" data-negative=\"false\">\n\t\t\t<svg xmlns=\"http:\/\/www.w3.org\/2000\/svg\" viewbox=\"0 0 1000 100\" preserveaspectratio=\"none\">\n\t<path class=\"elementor-shape-fill\" d=\"M761.9,44.1L643.1,27.2L333.8,98L0,3.8V0l1000,0v3.9\"\/>\n<\/svg>\t\t<\/div>\n\t\t\t\t\t<div class=\"elementor-container elementor-column-gap-no\">\n\t\t\t\t\t<div class=\"elementor-column elementor-col-100 elementor-top-column elementor-element elementor-element-7e56b5a5\" data-id=\"7e56b5a5\" data-element_type=\"column\">\n\t\t\t<div class=\"elementor-widget-wrap elementor-element-populated\">\n\t\t\t\t\t\t\t\t<div class=\"elementor-element elementor-element-347d9e5f elementor-widget elementor-widget-heading\" data-id=\"347d9e5f\" data-element_type=\"widget\" data-widget_type=\"heading.default\">\n\t\t\t\t<div class=\"elementor-widget-container\">\n\t\t\t<h2 class=\"elementor-heading-title elementor-size-default\">We design the spaces of your dreams.<\/h2>\t\t<\/div>\n\t\t\t\t<\/div>\n\t\t\t\t<div class=\"elementor-element elementor-element-44fad656 elementor-widget elementor-widget-text-editor\" data-id=\"44fad656\" data-element_type=\"widget\" data-widget_type=\"text-editor.default\">\n\t\t\t\t<div class=\"elementor-widget-container\">\n\t\t\t\t\t\t\t<p>We are with you with our architecture and interior architecture services regarding all the details you dream of for your spaces.<\/p>\t\t\t\t\t\t<\/div>\n\t\t\t\t<\/div>\n\t\t\t\t<div class=\"elementor-element elementor-element-3ffedc08 elementor-button-info elementor-widget elementor-widget-button\" data-id=\"3ffedc08\" data-element_type=\"widget\" data-widget_type=\"button.default\">\n\t\t\t\t<div class=\"elementor-widget-container\">\n\t\t\t\t\t<div class=\"elementor-button-wrapper\">\n\t\t\t<a class=\"elementor-button elementor-button-link elementor-size-sm elementor-animation-grow\" href=\"https:\/\/manwemimarlik.com\/en\/iletisim-2\/\">\n\t\t\t\t\t\t<span class=\"elementor-button-content-wrapper\">\n\t\t\t\t\t\t<span class=\"elementor-button-icon elementor-align-icon-right\">\n\t\t\t\t<i aria-hidden=\"true\" class=\"fas fa-phone\"><\/i>\t\t\t<\/span>\n\t\t\t\t\t\t<span class=\"elementor-button-text\">Contact Us<\/span>\n\t\t<\/span>\n\t\t\t\t\t<\/a>\n\t\t<\/div>\n\t\t\t\t<\/div>\n\t\t\t\t<\/div>\n\t\t\t\t\t<\/div>\n\t\t<\/div>\n\t\t\t\t\t\t\t<\/div>\n\t\t<\/section>\n\t\t\t\t\t\t\t<\/div>","protected":false},"excerpt":{"rendered":"<p>Mimari Dan\u0131\u015fmanl\u0131k Mimari dan\u0131\u015fmanl\u0131k, yap\u0131 i\u015fleriniz hakk\u0131nda mimari g\u00f6r\u00fc\u015f ve yeni fikirler edinmek, projelendirme a\u015famas\u0131yla ilgili destek almak, \u00f6\u011frenmek istedi\u011finiz konular hakk\u0131nda bilgilendirilmek gibi konular\u0131 kapsayan bir hizmet t\u00fcr\u00fcd\u00fcr. Hayata ge\u00e7irilmesini istedi\u011finiz yap\u0131lar\u0131n, teknik prosed\u00fcrlere uygunlu\u011fu, do\u011fru \u015fekilde projelendirilmesi, mimari gerekliliklere uygunlu\u011fu gibi nitelikler kapsam\u0131nda in\u015fa edilmesi i\u00e7in mimari dan\u0131\u015fmanl\u0131k hizmetinden faydalanabilirsiniz.\u00a0 \u0130n\u015fas\u0131na ba\u015flamak istedi\u011finiz &hellip;<\/p>\n<p class=\"read-more\"> <a class=\"\" href=\"https:\/\/manwemimarlik.com\/en\/mimari-danismanlik\/\"> <span class=\"screen-reader-text\">Architectural Consulting<\/span> Read More &raquo;<\/a><\/p>","protected":false},"author":1,"featured_media":0,"parent":0,"menu_order":0,"comment_status":"closed","ping_status":"closed","template":"","meta":{"_monsterinsights_skip_tracking":false,"_monsterinsights_sitenote_active":false,"_monsterinsights_sitenote_note":"","_monsterinsights_sitenote_category":0,"site-sidebar-layout":"no-sidebar","site-content-layout":"page-builder","ast-global-header-display":"","ast-main-header-display":"","ast-hfb-above-header-display":"","ast-hfb-below-header-display":"","ast-hfb-mobile-header-display":"","site-post-title":"disabled","ast-breadcrumbs-content":"","ast-featured-img":"disabled","footer-sml-layout":"","theme-transparent-header-meta":"","adv-header-id-meta":"","stick-header-meta":"","header-above-stick-meta":"","header-main-stick-meta":"","header-below-stick-meta":"","footnotes":""},"class_list":["post-1274","page","type-page","status-publish","hentry"],"aioseo_notices":[],"uagb_featured_image_src":{"full":false,"thumbnail":false,"medium":false,"medium_large":false,"large":false,"1536x1536":false,"2048x2048":false,"trp-custom-language-flag":false},"uagb_author_info":{"display_name":"manweart","author_link":"https:\/\/manwemimarlik.com\/en\/author\/manweart\/"},"uagb_comment_info":0,"uagb_excerpt":"Mimari Dan\u0131\u015fmanl\u0131k Mimari dan\u0131\u015fmanl\u0131k, yap\u0131 i\u015fleriniz hakk\u0131nda mimari g\u00f6r\u00fc\u015f ve yeni fikirler edinmek, projelendirme a\u015famas\u0131yla ilgili destek almak, \u00f6\u011frenmek istedi\u011finiz konular hakk\u0131nda bilgilendirilmek gibi konular\u0131 kapsayan bir hizmet t\u00fcr\u00fcd\u00fcr. Hayata ge\u00e7irilmesini istedi\u011finiz yap\u0131lar\u0131n, teknik prosed\u00fcrlere uygunlu\u011fu, do\u011fru \u015fekilde projelendirilmesi, mimari gerekliliklere uygunlu\u011fu gibi nitelikler kapsam\u0131nda in\u015fa edilmesi i\u00e7in mimari dan\u0131\u015fmanl\u0131k hizmetinden faydalanabilirsiniz.\u00a0 \u0130n\u015fas\u0131na ba\u015flamak istedi\u011finiz&hellip;","_links":{"self":[{"href":"https:\/\/manwemimarlik.com\/en\/wp-json\/wp\/v2\/pages\/1274","targetHints":{"allow":["GET"]}}],"collection":[{"href":"https:\/\/manwemimarlik.com\/en\/wp-json\/wp\/v2\/pages"}],"about":[{"href":"https:\/\/manwemimarlik.com\/en\/wp-json\/wp\/v2\/types\/page"}],"author":[{"embeddable":true,"href":"https:\/\/manwemimarlik.com\/en\/wp-json\/wp\/v2\/users\/1"}],"replies":[{"embeddable":true,"href":"https:\/\/manwemimarlik.com\/en\/wp-json\/wp\/v2\/comments?post=1274"}],"version-history":[{"count":22,"href":"https:\/\/manwemimarlik.com\/en\/wp-json\/wp\/v2\/pages\/1274\/revisions"}],"predecessor-version":[{"id":2137,"href":"https:\/\/manwemimarlik.com\/en\/wp-json\/wp\/v2\/pages\/1274\/revisions\/2137"}],"wp:attachment":[{"href":"https:\/\/manwemimarlik.com\/en\/wp-json\/wp\/v2\/media?parent=1274"}],"curies":[{"name":"wp","href":"https:\/\/api.w.org\/{rel}","templated":true}]}}